{"id":16881,"date":"2020-09-15T13:56:04","date_gmt":"2020-09-15T11:56:04","guid":{"rendered":"https:\/\/jacintalawani.com\/?page_id=16881"},"modified":"2020-09-15T19:37:47","modified_gmt":"2020-09-15T17:37:47","slug":"dienstleistungen","status":"publish","type":"page","link":"https:\/\/jacintalawani.com\/de\/dienstleistungen\/","title":{"rendered":"Dienstleistungen"},"content":{"rendered":"<p>[vc_row css_animation=&#8220;&#8220; row_type=&#8220;row&#8220; use_row_as_full_screen_section=&#8220;no&#8220; type=&#8220;full_width&#8220; angled_section=&#8220;no&#8220; text_align=&#8220;left&#8220; background_image_as_pattern=&#8220;without_pattern&#8220; padding_top=&#8220;0&#8243; background_color=&#8220;#ffffff&#8220; padding_bottom=&#8220;95&#8243; padding=&#8220;2&#8243;][vc_column width=&#8220;1\/2&#8243;][vc_column_text]Ich glaube, ein Haus sollte mehr als nur komfortabel und sch\u00f6n sein, es sollte so vielf\u00e4ltig und interessant sein wie sein Besitzer. Um einen Raum mit Charakter zu schaffen, schaue ich auf das Gesamtbild und ber\u00fccksichtige alle Nuancen und Details, da mir nicht nur das Konzept, sondern auch die Harmonie zwischen Design und Handwerk am Herzen liegt. Mein Innendesign-Service umfasst Wohn- und Gewerbefl\u00e4chen.[\/vc_column_text][vc_separator type=&#8220;transparent&#8220; up=&#8220;10&#8243; down=&#8220;10&#8243;][vc_column_text]<\/p>\n<h2 class=\"profile-header\">Innenausstattung<\/h2>\n<p>Die erste Stufe umfasst:<br \/>\nKonzeption, Moodboards, M\u00f6belvorschl\u00e4ge und Layouts<\/p>\n<p>Die zweite Stufe umfasst:<br \/>\nDetailliertes Design mit endg\u00fcltigen Moodboards, Raum-f\u00fcr-Raum-Layouts, Tischlerzeichnungen, M\u00f6belvorschl\u00e4gen, Beleuchtungsplan und -spezifikationen, Auswahl von Stoffen und Farbschemata.<\/p>\n<p><a href=\"\/de\/kontakt\/\"><strong>&#8212;- JETZT ANFRAGEN&#8212;-<\/strong><\/a>[\/vc_column_text][vc_separator type=&#8220;transparent&#8220; up=&#8220;10&#8243; down=&#8220;10&#8243;][vc_column_text]<\/p>\n<h2>Innenarchitektur<\/h2>\n<p>Beinhaltet Raumplanung, Grundrissoptimierung, Raum- und M\u00f6bellayouts, Beleuchtungspl\u00e4ne, Bad- und K\u00fcchendesign. Spezifikation f\u00fcr alle Materialien, einschlie\u00dflich T\u00fcren, Eisenwaren, Kamine, Gel\u00e4nder und Koordination der Arbeitspl\u00e4ne mit dem bestellten Auftragnehmer.<\/p>\n<p><a href=\"\/de\/kontakt\/\"><strong>&#8212;- JETZT ANFRAGEN&#8212;-<\/strong><\/a>[\/vc_column_text][vc_separator type=&#8220;transparent&#8220; up=&#8220;10&#8243; down=&#8220;10&#8243;][vc_column_text]<\/p>\n<h2>CGI-Visualisierung<\/h2>\n<p>Fotorealistische Innen- und Architekturvisualisierungen, welche die Idee hinter jedem Projekt erfolgreich darstellen k\u00f6nnen.<br \/>\nMit CGI-Diensten k\u00f6nnen Sie fotorealistische 3D-Grafiken erstellen, um zu zeigen, wie die Gestaltungsideen f\u00fcr Ihren Raum oder Raum nach Fertigstellung tats\u00e4chlich aussehen.<br \/>\nErwecken Sie Ihre Vision zum Leben.<\/p>\n<p><a href=\"\/de\/kontakt\/\"><strong>&#8212;- JETZT ANFRAGEN&#8212;-<\/strong><\/a>[\/vc_column_text][vc_separator type=&#8220;transparent&#8220; up=&#8220;10&#8243; down=&#8220;10&#8243;][vc_column_text]<\/p>\n<h2>Projektmanagement<\/h2>\n<p>Der entscheidende Schl\u00fcssel hinter jedem Projekt liegt in einer hervorragenden Koordination und \u00dcberwachung aller Gewerke sowie in der Sicherstellung, dass alle Arbeiten nach den h\u00f6chsten Standards ausgef\u00fchrt werden.<\/p>\n<p>Mein PM-Service \u00fcberwacht den gesamten Prozess von der ersten Phase der Konzeption bis zur Konstruktion und Installation. Ich werde jedes Element Ihres Projekts koordinieren und \u00fcberwachen &#8211; von der Beratung und Information bis zur \u00dcberwachung der Auftragnehmer. Wir stellen vor allem sicher, dass jeder Auftrag p\u00fcnktlich und innerhalb des Budgets abgeschlossen wird<\/p>\n<p><a href=\"\/de\/kontakt\/\"><strong>&#8212;- JETZT ANFRAGEN&#8212;-<\/strong><\/a>[\/vc_column_text][vc_separator type=&#8220;transparent&#8220; up=&#8220;10&#8243; down=&#8220;10&#8243;][\/vc_column][vc_column width=&#8220;1\/2&#8243;][vc_single_image image=&#8220;16673&#8243; img_size=&#8220;full&#8220; qode_css_animation=&#8220;&#8220;][vc_separator type=&#8220;transparent&#8220; up=&#8220;5&#8243; down=&#8220;20&#8243;][\/vc_column][\/vc_row]<\/p>\n","protected":false},"excerpt":{"rendered":"<p>[vc_row css_animation=&#8220;&#8220; row_type=&#8220;row&#8220; use_row_as_full_screen_section=&#8220;no&#8220; type=&#8220;full_width&#8220; angled_section=&#8220;no&#8220; text_align=&#8220;left&#8220; background_image_as_pattern=&#8220;without_pattern&#8220; padding_top=&#8220;0&#8243; background_color=&#8220;#ffffff&#8220; padding_bottom=&#8220;95&#8243; padding=&#8220;2&#8243;][vc_column width=&#8220;1\/2&#8243;][vc_column_text]Ich glaube, ein Haus sollte mehr als nur komfortabel und sch\u00f6n sein, es sollte so vielf\u00e4ltig und interessant sein wie sein Besitzer. Um einen Raum mit Charakter zu schaffen, schaue ich auf das&#8230;<\/p>\n","protected":false},"author":2,"featured_media":0,"parent":0,"menu_order":0,"comment_status":"open","ping_status":"open","template":"","meta":{"footnotes":""},"yoast_head":"<!-- This site is optimized with the Yoast SEO Premium plugin v15.0 - https:\/\/yoast.com\/wordpress\/plugins\/seo\/ -->\n<title>Dienstleistungen - JL | Interior Design | Innenarchitektur<\/title>\n<meta name=\"description\" content=\"Dienstleistungen | JL | INTERIOR DESIGN \u2705 INNENARCHITEKTUR aus Berlin und Brandenburg \u260e +49 176 8500 4547 | Dipl. Innenarchitektin\" \/>\n<meta name=\"robots\" content=\"index, follow, max-snippet:-1, max-image-preview:large, max-video-preview:-1\" \/>\n<link rel=\"canonical\" href=\"https:\/\/jacintalawani.com\/de\/dienstleistungen\/\" \/>\n<meta property=\"og:locale\" content=\"de_DE\" \/>\n<meta property=\"og:type\" content=\"article\" \/>\n<meta property=\"og:title\" content=\"Dienstleistungen - JL | Interior Design | Innenarchitektur\" \/>\n<meta property=\"og:description\" content=\"Dienstleistungen | JL | INTERIOR DESIGN \u2705 INNENARCHITEKTUR aus Berlin und Brandenburg \u260e +49 176 8500 4547 | Dipl. Innenarchitektin\" \/>\n<meta property=\"og:url\" content=\"https:\/\/jacintalawani.com\/de\/dienstleistungen\/\" \/>\n<meta property=\"og:site_name\" content=\"Innenarchitektur Berlin\" \/>\n<meta property=\"article:modified_time\" content=\"2020-09-15T17:37:47+00:00\" \/>\n<meta name=\"twitter:card\" content=\"summary_large_image\" \/>\n<script type=\"application\/ld+json\" class=\"yoast-schema-graph\">{\"@context\":\"https:\/\/schema.org\",\"@graph\":[{\"@type\":\"WebSite\",\"@id\":\"https:\/\/jacintalawani.com\/de\/#website\",\"url\":\"https:\/\/jacintalawani.com\/de\/\",\"name\":\"Innenarchitektur Berlin\",\"description\":\"\",\"potentialAction\":[{\"@type\":\"SearchAction\",\"target\":\"https:\/\/jacintalawani.com\/de\/?s={search_term_string}\",\"query-input\":\"required name=search_term_string\"}],\"inLanguage\":\"de-DE\"},{\"@type\":\"WebPage\",\"@id\":\"https:\/\/jacintalawani.com\/de\/dienstleistungen\/#webpage\",\"url\":\"https:\/\/jacintalawani.com\/de\/dienstleistungen\/\",\"name\":\"Dienstleistungen - JL | Interior Design | Innenarchitektur\",\"isPartOf\":{\"@id\":\"https:\/\/jacintalawani.com\/de\/#website\"},\"datePublished\":\"2020-09-15T11:56:04+00:00\",\"dateModified\":\"2020-09-15T17:37:47+00:00\",\"description\":\"Dienstleistungen | JL | INTERIOR DESIGN \\u2705 INNENARCHITEKTUR aus Berlin und Brandenburg \\u260e +49 176 8500 4547 | Dipl. Innenarchitektin\",\"inLanguage\":\"de-DE\",\"potentialAction\":[{\"@type\":\"ReadAction\",\"target\":[\"https:\/\/jacintalawani.com\/de\/dienstleistungen\/\"]}]}]}<\/script>\n<!-- \/ Yoast SEO Premium plugin. -->","_links":{"self":[{"href":"https:\/\/jacintalawani.com\/de\/wp-json\/wp\/v2\/pages\/16881"}],"collection":[{"href":"https:\/\/jacintalawani.com\/de\/wp-json\/wp\/v2\/pages"}],"about":[{"href":"https:\/\/jacintalawani.com\/de\/wp-json\/wp\/v2\/types\/page"}],"author":[{"embeddable":true,"href":"https:\/\/jacintalawani.com\/de\/wp-json\/wp\/v2\/users\/2"}],"replies":[{"embeddable":true,"href":"https:\/\/jacintalawani.com\/de\/wp-json\/wp\/v2\/comments?post=16881"}],"version-history":[{"count":2,"href":"https:\/\/jacintalawani.com\/de\/wp-json\/wp\/v2\/pages\/16881\/revisions"}],"predecessor-version":[{"id":16887,"href":"https:\/\/jacintalawani.com\/de\/wp-json\/wp\/v2\/pages\/16881\/revisions\/16887"}],"wp:attachment":[{"href":"https:\/\/jacintalawani.com\/de\/wp-json\/wp\/v2\/media?parent=16881"}],"curies":[{"name":"wp","href":"https:\/\/api.w.org\/{rel}","templated":true}]}}