{"id":16891,"date":"2020-09-15T19:41:07","date_gmt":"2020-09-15T17:41:07","guid":{"rendered":"https:\/\/jacintalawani.com\/?page_id=16891"},"modified":"2020-09-24T13:53:58","modified_gmt":"2020-09-24T11:53:58","slug":"ueber-mich","status":"publish","type":"page","link":"https:\/\/jacintalawani.com\/de\/ueber-mich\/","title":{"rendered":"\u00dcber mich"},"content":{"rendered":"<p>[vc_row css_animation=&#8220;&#8220; row_type=&#8220;row&#8220; use_row_as_full_screen_section=&#8220;no&#8220; type=&#8220;grid&#8220; angled_section=&#8220;no&#8220; text_align=&#8220;left&#8220; background_image_as_pattern=&#8220;without_pattern&#8220; padding_top=&#8220;94&#8243; padding_bottom=&#8220;0&#8243; anchor=&#8220;portfolio&#8220; background_color=&#8220;#ffffff&#8220;][vc_column][vc_row_inner row_type=&#8220;row&#8220; type=&#8220;full_width&#8220; text_align=&#8220;left&#8220; css_animation=&#8220;&#8220;][vc_column_inner width=&#8220;1\/2&#8243;][vc_column_text]<\/p>\n<h1>JL &#8211; Innenarchitekturstudio Berlin<\/h1>\n<p>[\/vc_column_text][vc_separator type=&#8220;transparent&#8220; up=&#8220;12&#8243; down=&#8220;0&#8243;][vc_column_text]JL ist eine internationale Design- und Innenarchitekturfirma mit Sitz in Berlin. Wir sind spezialisiert auf moderne High-End-Innenausstattung. Unsere Arbeit basiert auf einer starken Leidenschaft f\u00fcr Design und bietet unseren Kunden einen umfassenden Service.<\/p>\n<p>Unser Ziel ist es, unseren Kunden einen Mehrwert zu bieten, indem wir funktionale und einzigartige Innenarchitekturen schaffen, die ihren Erwartungen entsprechen. Wenn Sie Design-Know-how in den Bereichen Residential Design, Retail Design, Office Design, Hospitality Design, Produktdesign und andere Projekte ben\u00f6tigen, k\u00f6nnen wir Ihnen die richtigen Antworten und L\u00f6sungen liefern.<\/p>\n<p>Bei JL Interior Design bieten wir unseren Kunden Ideen und Konzepte, die auf ihre Bed\u00fcrfnisse und Erwartungen zugeschnitten sind. Dar\u00fcber hinaus bieten wir jedem unserer Kunden ein alternatives und modernes Designkonzept zur Verbesserung seiner Projekte.[\/vc_column_text][vc_separator type=&#8220;transparent&#8220; up=&#8220;21&#8243; down=&#8220;0&#8243;][\/vc_column_inner][vc_column_inner width=&#8220;1\/2&#8243;]<div class='q_progress_bar'><h3 class='progress_title_holder clearfix' style='color: #bb6d67;'><span class='progress_title'><span>INNENAUSSTATTUNG<\/span><\/span><span class='progress_number' style=''><span>0<\/span>%<\/span><\/h3><div class='progress_content_outer' style='background-color: #e2e2e2;'><div data-percentage='100' class='progress_content' style='background-color: #bb6d67;'><\/div><\/div><\/div>[vc_separator type=&#8220;transparent&#8220; up=&#8220;35&#8243; down=&#8220;0&#8243;]<div class='q_progress_bar'><h3 class='progress_title_holder clearfix' style='color: #bb6d67;'><span class='progress_title'><span>HOTEL DESIGN<\/span><\/span><span class='progress_number' style=''><span>0<\/span>%<\/span><\/h3><div class='progress_content_outer' style='background-color: #e2e2e2;'><div data-percentage='100' class='progress_content' style='background-color: #bb6d67;'><\/div><\/div><\/div>[vc_separator type=&#8220;transparent&#8220; up=&#8220;35&#8243; down=&#8220;0&#8243;]<div class='q_progress_bar'><h3 class='progress_title_holder clearfix' style='color: #bb6d67;'><span class='progress_title'><span>B\u00dcROGESTALTUNG<\/span><\/span><span class='progress_number' style=''><span>0<\/span>%<\/span><\/h3><div class='progress_content_outer' style='background-color: #e2e2e2;'><div data-percentage='100' class='progress_content' style='background-color: #bb6d67;'><\/div><\/div><\/div>[vc_separator type=&#8220;transparent&#8220; up=&#8220;35&#8243; down=&#8220;0&#8243;]<div class='q_progress_bar'><h3 class='progress_title_holder clearfix' style='color: #bb6d67;'><span class='progress_title'><span>WOHNRAUMGESTALTUNG<\/span><\/span><span class='progress_number' style=''><span>0<\/span>%<\/span><\/h3><div class='progress_content_outer' style='background-color: #e2e2e2;'><div data-percentage='100' class='progress_content' style='background-color: #bb6d67;'><\/div><\/div><\/div>[vc_separator type=&#8220;transparent&#8220; up=&#8220;60&#8243; down=&#8220;0&#8243;][\/vc_column_inner][\/vc_row_inner][\/vc_column][\/vc_row][vc_row css_animation=&#8220;&#8220; row_type=&#8220;row&#8220; use_row_as_full_screen_section=&#8220;no&#8220; type=&#8220;grid&#8220; angled_section=&#8220;no&#8220; text_align=&#8220;left&#8220; background_image_as_pattern=&#8220;without_pattern&#8220; padding_top=&#8220;64&#8243; padding_bottom=&#8220;0&#8243; anchor=&#8220;portfolio&#8220; background_color=&#8220;#f7f7f7&#8243;][vc_column][vc_column_text]<\/p>\n<h2 style=\"text-align: center;\">Jacinta Lawani, Innenarchitektin<\/h2>\n<p>[\/vc_column_text][vc_separator type=&#8220;transparent&#8220; up=&#8220;10&#8243; down=&#8220;0&#8243;][vc_row_inner row_type=&#8220;row&#8220; type=&#8220;full_width&#8220; text_align=&#8220;left&#8220; css_animation=&#8220;&#8220;][vc_column_inner width=&#8220;1\/6&#8243;][\/vc_column_inner][vc_column_inner width=&#8220;2\/3&#8243;][vc_separator type=&#8220;transparent&#8220; up=&#8220;25&#8243; down=&#8220;0&#8243;][vc_column_text]In Afrika geboren, bin ich in Pesaro an der italienischen Adriak\u00fcste aufgewachsen.<\/p>\n<p>&nbsp;<\/p>\n<p>Nachdem ich meinen Bachelor of Science in Architektur an der Universit\u00e4t von Florenz erworben hatte, bekam ich die Gelegenheit, mit einigen der f\u00fchrenden Studios dieser Stadt zusammenzuarbeiten, wo ich meine Leidenschaft f\u00fcr Innenarchitektur entdeckte. Mein Drang, mehr \u00fcber dieses faszinierende Gebiet zu erfahren, veranlasste mich, mein Wissen in Madrid weiterzuverfolgen und zu vertiefen, wo ich meinen Master in Innenarchitektur abschloss.<br \/>\nAls ich nach Berlin zog, hatte ich die gro\u00dfartige Gelegenheit, mehrere Jahre mit mehreren Innenarchitekturb\u00fcros zusammenzuarbeiten. Im Jahr 2017 habe ich dann beschlossen mein eigenes Interior Design Studio hier zu er\u00f6ffnen.<\/p>\n<p>&nbsp;<\/p>\n<p>Mit meinem multikulturellen Hintergrund und meiner langj\u00e4hrigen Erfahrung kann ich Sie dabei unterst\u00fctzen, au\u00dfergew\u00f6hnliche ma\u00dfgeschneiderte Designl\u00f6sungen mit einem innovativen Ansatz f\u00fcr Ihr Projekt zu entwickeln<\/p>\n<p>&nbsp;<\/p>\n<p>Ich kann Ihnen helfen, eine kreative Vision f\u00fcr Ihren Raum zu entwickeln, die Ihre Pers\u00f6nlichkeit widerspiegelt und zeitlos bleibt.<\/p>\n<p>Ich biete in jeder Phase der Realisierung eines Projekts Fachwissen im Bereich Innenarchitektur an, beginnend mit einem neuen Designkonzept f\u00fcr Ihren Raum, Bodenplanung, Materialauswahl, Farbkonzept, Lichtplanung und 3D-Simulation, um ein umfassendes Konzept zu erhalten und den gesamten Raum vor der Umsetzung zu betrachten und danach Weiterf\u00fchrung eines umfassenden Projektmanagements von A bis Z.[\/vc_column_text][vc_separator type=&#8220;transparent&#8220; up=&#8220;50&#8243; down=&#8220;0&#8243;][\/vc_column_inner][vc_column_inner width=&#8220;1\/6&#8243;][\/vc_column_inner][\/vc_row_inner][\/vc_column][\/vc_row][vc_row row_type=&#8220;parallax&#8220; parallax_content_width=&#8220;in_grid&#8220; text_align=&#8220;left&#8220; full_screen_section_height=&#8220;no&#8220; background_image=&#8220;16415&#8243; section_height=&#8220;416&#8243;][vc_column][vc_separator type=&#8220;transparent&#8220; up=&#8220;118&#8243; down=&#8220;0&#8243;][vc_separator type=&#8220;transparent&#8220; up=&#8220;-8&#8243; down=&#8220;0&#8243;][vc_separator type=&#8220;transparent&#8220; up=&#8220;10&#8243; down=&#8220;0&#8243;][\/vc_column][\/vc_row]<\/p>\n","protected":false},"excerpt":{"rendered":"<p>[vc_row css_animation=&#8220;&#8220; row_type=&#8220;row&#8220; use_row_as_full_screen_section=&#8220;no&#8220; type=&#8220;grid&#8220; angled_section=&#8220;no&#8220; text_align=&#8220;left&#8220; background_image_as_pattern=&#8220;without_pattern&#8220; padding_top=&#8220;94&#8243; padding_bottom=&#8220;0&#8243; anchor=&#8220;portfolio&#8220; background_color=&#8220;#ffffff&#8220;][vc_column][vc_row_inner row_type=&#8220;row&#8220; type=&#8220;full_width&#8220; text_align=&#8220;left&#8220; css_animation=&#8220;&#8220;][vc_column_inner width=&#8220;1\/2&#8243;][vc_column_text] JL &#8211; Innenarchitekturstudio Berlin [\/vc_column_text][vc_separator type=&#8220;transparent&#8220; up=&#8220;12&#8243; down=&#8220;0&#8243;][vc_column_text]JL ist eine internationale Design- und Innenarchitekturfirma mit Sitz in Berlin. Wir sind spezialisiert auf moderne High-End-Innenausstattung. Unsere Arbeit basiert auf&#8230;<\/p>\n","protected":false},"author":2,"featured_media":0,"parent":0,"menu_order":0,"comment_status":"open","ping_status":"closed","template":"full_width.php","meta":{"footnotes":""},"yoast_head":"<!-- This site is optimized with the Yoast SEO Premium plugin v15.0 - https:\/\/yoast.com\/wordpress\/plugins\/seo\/ -->\n<title>\u00dcber mich - JL | Interior Design | Innenarchitektur<\/title>\n<meta name=\"description\" content=\"\u00dcber mich | JL | INTERIOR DESIGN \u2705 INNENARCHITEKTUR aus Berlin und Brandenburg \u260e +49 176 8500 4547 | Dipl. Innenarchitektin\" \/>\n<meta name=\"robots\" content=\"index, follow, max-snippet:-1, max-image-preview:large, max-video-preview:-1\" \/>\n<link rel=\"canonical\" href=\"https:\/\/jacintalawani.com\/de\/ueber-mich\/\" \/>\n<meta property=\"og:locale\" content=\"de_DE\" \/>\n<meta property=\"og:type\" content=\"article\" \/>\n<meta property=\"og:title\" content=\"\u00dcber mich - JL | Interior Design | Innenarchitektur\" \/>\n<meta property=\"og:description\" content=\"\u00dcber mich | JL | INTERIOR DESIGN \u2705 INNENARCHITEKTUR aus Berlin und Brandenburg \u260e +49 176 8500 4547 | Dipl. Innenarchitektin\" \/>\n<meta property=\"og:url\" content=\"https:\/\/jacintalawani.com\/de\/ueber-mich\/\" \/>\n<meta property=\"og:site_name\" content=\"Innenarchitektur Berlin\" \/>\n<meta property=\"article:modified_time\" content=\"2020-09-24T11:53:58+00:00\" \/>\n<meta name=\"twitter:card\" content=\"summary_large_image\" \/>\n<script type=\"application\/ld+json\" class=\"yoast-schema-graph\">{\"@context\":\"https:\/\/schema.org\",\"@graph\":[{\"@type\":\"WebSite\",\"@id\":\"https:\/\/jacintalawani.com\/de\/#website\",\"url\":\"https:\/\/jacintalawani.com\/de\/\",\"name\":\"Innenarchitektur Berlin\",\"description\":\"\",\"potentialAction\":[{\"@type\":\"SearchAction\",\"target\":\"https:\/\/jacintalawani.com\/de\/?s={search_term_string}\",\"query-input\":\"required name=search_term_string\"}],\"inLanguage\":\"de-DE\"},{\"@type\":\"WebPage\",\"@id\":\"https:\/\/jacintalawani.com\/de\/ueber-mich\/#webpage\",\"url\":\"https:\/\/jacintalawani.com\/de\/ueber-mich\/\",\"name\":\"\\u00dcber mich - JL | Interior Design | Innenarchitektur\",\"isPartOf\":{\"@id\":\"https:\/\/jacintalawani.com\/de\/#website\"},\"datePublished\":\"2020-09-15T17:41:07+00:00\",\"dateModified\":\"2020-09-24T11:53:58+00:00\",\"description\":\"\\u00dcber mich | JL | INTERIOR DESIGN \\u2705 INNENARCHITEKTUR aus Berlin und Brandenburg \\u260e +49 176 8500 4547 | Dipl. Innenarchitektin\",\"inLanguage\":\"de-DE\",\"potentialAction\":[{\"@type\":\"ReadAction\",\"target\":[\"https:\/\/jacintalawani.com\/de\/ueber-mich\/\"]}]}]}<\/script>\n<!-- \/ Yoast SEO Premium plugin. -->","_links":{"self":[{"href":"https:\/\/jacintalawani.com\/de\/wp-json\/wp\/v2\/pages\/16891"}],"collection":[{"href":"https:\/\/jacintalawani.com\/de\/wp-json\/wp\/v2\/pages"}],"about":[{"href":"https:\/\/jacintalawani.com\/de\/wp-json\/wp\/v2\/types\/page"}],"author":[{"embeddable":true,"href":"https:\/\/jacintalawani.com\/de\/wp-json\/wp\/v2\/users\/2"}],"replies":[{"embeddable":true,"href":"https:\/\/jacintalawani.com\/de\/wp-json\/wp\/v2\/comments?post=16891"}],"version-history":[{"count":2,"href":"https:\/\/jacintalawani.com\/de\/wp-json\/wp\/v2\/pages\/16891\/revisions"}],"predecessor-version":[{"id":17083,"href":"https:\/\/jacintalawani.com\/de\/wp-json\/wp\/v2\/pages\/16891\/revisions\/17083"}],"wp:attachment":[{"href":"https:\/\/jacintalawani.com\/de\/wp-json\/wp\/v2\/media?parent=16891"}],"curies":[{"name":"wp","href":"https:\/\/api.w.org\/{rel}","templated":true}]}}