{"id":17066,"date":"2020-09-17T13:12:11","date_gmt":"2020-09-17T11:12:11","guid":{"rendered":"https:\/\/jacintalawani.com\/?page_id=17066"},"modified":"2022-05-25T10:31:24","modified_gmt":"2022-05-25T08:31:24","slug":"home","status":"publish","type":"page","link":"https:\/\/jacintalawani.com\/de\/","title":{"rendered":"Home"},"content":{"rendered":"<p>[vc_row css_animation=&#8220;&#8220; row_type=&#8220;row&#8220; use_row_as_full_screen_section=&#8220;no&#8220; type=&#8220;grid&#8220; angled_section=&#8220;no&#8220; text_align=&#8220;left&#8220; background_image_as_pattern=&#8220;without_pattern&#8220; padding_top=&#8220;58&#8243; padding_bottom=&#8220;0&#8243; anchor=&#8220;portfolio&#8220; background_color=&#8220;#ffffff&#8220;][vc_column][vc_column_text]<\/p>\n<h1 style=\"text-align: center;\">J<span style=\"color: #bb6d67;\">L<\/span> | INNENAUSSTATTUNG | INNENARCHITEKTUR<br \/>\naus Berlin und Brandenburg<\/h1>\n<p>[\/vc_column_text][vc_separator type=&#8220;transparent&#8220; down=&#8220;10&#8243; up=&#8220;0&#8243;][vc_column_text]<\/p>\n<h4 style=\"text-align: center;\">Atemberaubendes Design &amp; Funktionalit\u00e4t<\/h4>\n<p>[\/vc_column_text][vc_separator type=&#8220;transparent&#8220; up=&#8220;45&#8243; down=&#8220;22&#8243;][vc_row_inner row_type=&#8220;row&#8220; type=&#8220;full_width&#8220; text_align=&#8220;left&#8220; css_animation=&#8220;&#8220;][vc_column_inner width=&#8220;1\/3&#8243;][vc_single_image image=&#8220;16983&#8243; img_size=&#8220;full&#8220; qode_css_animation=&#8220;element_from_fade&#8220; transition_delay=&#8220;0.3&#8243;][vc_separator type=&#8220;transparent&#8220; up=&#8220;25&#8243; down=&#8220;8&#8243;][vc_column_text]<\/p>\n<h2 class=\"profile-header\">Innenausstattung<\/h2>\n<p><strong>Die erste Stufe umfasst:<\/strong><br \/>\nKonzeption, Moodboards, M\u00f6belvorschl\u00e4ge und Layouts<\/p>\n<p><strong>Die zweite Stufe umfasst:<\/strong><br \/>\nDetailliertes Design mit endg\u00fcltigen Moodboards, Raum-f\u00fcr-Raum-Layouts, Tischlerzeichnungen, M\u00f6belvorschl\u00e4gen, Beleuchtungsplan und -spezifikationen, Auswahl von Stoffen und Farbschemata.<\/p>\n<p>&nbsp;<\/p>\n<p><a href=\"\/de\/kontakt\/\"><strong>&#8212;- JETZT ANFRAGEN&#8212;-<\/strong><\/a>[\/vc_column_text][vc_separator type=&#8220;transparent&#8220; up=&#8220;63&#8243; down=&#8220;0&#8243;][\/vc_column_inner][vc_column_inner width=&#8220;1\/3&#8243;][vc_single_image image=&#8220;17005&#8243; img_size=&#8220;full&#8220; qode_css_animation=&#8220;element_from_fade&#8220; transition_delay=&#8220;0.9&#8243;][vc_separator type=&#8220;transparent&#8220; up=&#8220;25&#8243; down=&#8220;8&#8243;][vc_column_text]<\/p>\n<h2>Innenarchitektur<\/h2>\n<p>Beinhaltet Raumplanung, Grundrissoptimierung, Raum- und M\u00f6bellayouts, Beleuchtungspl\u00e4ne, Bad- und K\u00fcchendesign.<\/p>\n<p>&nbsp;<\/p>\n<p>Spezifikation der gesamten Innenarchitektur einschlie\u00dflich T\u00fcren, Eisenwaren, Kamine, Gel\u00e4nder und Koordination der Arbeitspl\u00e4ne mit dem bestellten Auftragnehmer.<\/p>\n<p>&nbsp;<\/p>\n<p><a href=\"\/de\/kontakt\/\"><strong>&#8212;- JETZT ANFRAGEN&#8212;-<\/strong><\/a>[\/vc_column_text][vc_separator type=&#8220;transparent&#8220; up=&#8220;63&#8243; down=&#8220;0&#8243;][\/vc_column_inner][vc_column_inner width=&#8220;1\/3&#8243;][vc_single_image image=&#8220;17004&#8243; img_size=&#8220;full&#8220; qode_css_animation=&#8220;element_from_fade&#8220; transition_delay=&#8220;0.6&#8243;][vc_separator type=&#8220;transparent&#8220; up=&#8220;25&#8243; down=&#8220;8&#8243;][vc_column_text]<\/p>\n<h2>CGI-Visualisierung<\/h2>\n<p><strong>Fotorealistische Innen-<\/strong> und Architekturvisualisierungen, um die Idee hinter jedem Projekt erfolgreich zu demonstrieren.<br \/>\n<strong>CGI-Dienste<\/strong> erm\u00f6glichen Ihnen fotorealistische 3D-Grafiken zur Darstellung Ihrer Gestaltungsideen. Erwecken Sie Ihre Vision zum Leben.<\/p>\n<p>&nbsp;<\/p>\n<p><a href=\"\/de\/kontakt\/\"><strong>&#8212;- JETZT ANFRAGEN&#8212;-<\/strong><\/a>[\/vc_column_text][vc_separator type=&#8220;transparent&#8220; up=&#8220;63&#8243; down=&#8220;0&#8243;][\/vc_column_inner][\/vc_row_inner][\/vc_column][\/vc_row][vc_row css_animation=&#8220;&#8220; row_type=&#8220;row&#8220; use_row_as_full_screen_section=&#8220;yes&#8220; type=&#8220;full_width&#8220; angled_section=&#8220;no&#8220; text_align=&#8220;left&#8220; background_image_as_pattern=&#8220;without_pattern&#8220; z_index=&#8220;&#8220;][vc_column][vc_row_inner row_type=&#8220;row&#8220; type=&#8220;full_width&#8220; text_align=&#8220;left&#8220; css_animation=&#8220;&#8220; css=&#8220;.vc_custom_1575995294409{padding-top: 30px !important;padding-right: 30px !important;padding-bottom: 30px !important;padding-left: 30px !important;background-color: #cecece !important;}&#8220;][vc_column_inner width=&#8220;1\/4&#8243;][vc_single_image image=&#8220;17002&#8243; img_size=&#8220;full&#8220; qode_css_animation=&#8220;element_from_fade&#8220; transition_delay=&#8220;0.3&#8243;][vc_separator type=&#8220;transparent&#8220; up=&#8220;25&#8243; down=&#8220;8&#8243;][\/vc_column_inner][vc_column_inner width=&#8220;1\/4&#8243;][vc_single_image image=&#8220;16994&#8243; img_size=&#8220;full&#8220; qode_css_animation=&#8220;element_from_fade&#8220; transition_delay=&#8220;0.9&#8243;][vc_separator type=&#8220;transparent&#8220; up=&#8220;25&#8243; down=&#8220;8&#8243;][\/vc_column_inner][vc_column_inner width=&#8220;1\/4&#8243;][vc_single_image image=&#8220;16997&#8243; img_size=&#8220;full&#8220; qode_css_animation=&#8220;element_from_fade&#8220; transition_delay=&#8220;0.6&#8243;][vc_separator type=&#8220;transparent&#8220; up=&#8220;25&#8243; down=&#8220;8&#8243;][\/vc_column_inner][vc_column_inner width=&#8220;1\/4&#8243;][vc_single_image image=&#8220;16993&#8243; img_size=&#8220;full&#8220; qode_css_animation=&#8220;element_from_fade&#8220; transition_delay=&#8220;0.6&#8243;][vc_separator type=&#8220;transparent&#8220; up=&#8220;25&#8243; down=&#8220;8&#8243;][\/vc_column_inner][\/vc_row_inner][vc_column_text css=&#8220;.vc_custom_1600945573567{padding-bottom: 60px !important;background-color: #cecece !important;}&#8220;]<\/p>\n<h2 style=\"text-align: center;\"><span style=\"color: #bb6d67; font-weight: 500;\">Wohnraumgestaltung<\/span><\/h2>\n<p>[\/vc_column_text][\/vc_column][\/vc_row][vc_row css_animation=&#8220;&#8220; row_type=&#8220;row&#8220; use_row_as_full_screen_section=&#8220;no&#8220; type=&#8220;grid&#8220; angled_section=&#8220;no&#8220; text_align=&#8220;left&#8220; background_image_as_pattern=&#8220;without_pattern&#8220; padding_top=&#8220;78&#8243; padding_bottom=&#8220;48&#8243; anchor=&#8220;portfolio&#8220; background_color=&#8220;#ffffff&#8220;][vc_column][vc_column_text]<\/p>\n<h2 style=\"text-align: center;\">Au\u00dfergew\u00f6hnliche architektonische Auswahl<\/h2>\n<p>[\/vc_column_text][vc_separator type=&#8220;transparent&#8220; up=&#8220;59&#8243; down=&#8220;22&#8243;][vc_row_inner row_type=&#8220;row&#8220; type=&#8220;full_width&#8220; text_align=&#8220;left&#8220; css_animation=&#8220;&#8220;][vc_column_inner width=&#8220;1\/3&#8243;]<div class='q_icon_with_title tiny normal_icon left_from_title '><div class=\"icon_text_holder\" style=\"\"><div class=\"icon_text_inner\" style=\"\"><div class=\"icon_title_holder\"><div class=\"icon_holder q_icon_animation\" style=\" transition-delay: 100ms; -webkit-transition-delay: 100ms; -moz-transition-delay: 100ms; -o-transition-delay: 100ms;\"><span data-icon-type=\"normal\"   style=\"font-size: 25px;\" class=\"qode_iwt_icon_holder q_font_awsome_icon fa-lg  \"><i class=\"qode_icon_font_awesome fa fa-trophy qode_iwt_icon_element\" style=\"color: #d2d2d2;\" ><\/i><\/span><\/div><h5 class=\"icon_title\" style=\"\">INNENAUSSTATTUNG<\/h5><\/div><p style=''>Erfahrung in der Innenarchitektur in jeder Phase eines Bauprojekts<\/p><\/div><\/div><\/div>[vc_separator type=&#8220;transparent&#8220; up=&#8220;19&#8243; down=&#8220;24&#8243;][\/vc_column_inner][vc_column_inner width=&#8220;1\/3&#8243;]<div class='q_icon_with_title tiny normal_icon left_from_title '><div class=\"icon_text_holder\" style=\"\"><div class=\"icon_text_inner\" style=\"\"><div class=\"icon_title_holder\"><div class=\"icon_holder q_icon_animation\" style=\" transition-delay: 100ms; -webkit-transition-delay: 100ms; -moz-transition-delay: 100ms; -o-transition-delay: 100ms;\"><span data-icon-type=\"normal\"   style=\"font-size: 25px;\" class=\"qode_iwt_icon_holder q_font_awsome_icon fa-lg  \"><i class=\"qode_icon_font_awesome fa fa-calendar qode_iwt_icon_element\" style=\"color: #d2d2d2;\" ><\/i><\/span><\/div><h5 class=\"icon_title\" style=\"\">KONZEPTUELLE PLANUNG<\/h5><\/div><p style=''>Konzept deines Raumes, Grundriss, Materialauswahl, Farbkonzept<\/p><\/div><\/div><\/div>[vc_separator type=&#8220;transparent&#8220; up=&#8220;19&#8243; down=&#8220;24&#8243;][\/vc_column_inner][vc_column_inner width=&#8220;1\/3&#8243;]<div class='q_icon_with_title tiny normal_icon left_from_title '><div class=\"icon_text_holder\" style=\"\"><div class=\"icon_text_inner\" style=\"\"><div class=\"icon_title_holder\"><div class=\"icon_holder q_icon_animation\" style=\" transition-delay: 100ms; -webkit-transition-delay: 100ms; -moz-transition-delay: 100ms; -o-transition-delay: 100ms;\"><span data-icon-type=\"normal\"   style=\"font-size: 25px;\" class=\"qode_iwt_icon_holder q_font_awsome_icon fa-lg  \"><i class=\"qode_icon_font_awesome fa fa-globe qode_iwt_icon_element\" style=\"color: #d2d2d2;\" ><\/i><\/span><\/div><h5 class=\"icon_title\" style=\"\">LICHTPLANUNG &amp; 3D-SIMULATION<\/h5><\/div><p style=''>Lichtplanung und 3D-Simulation, um den gesamten Raum vor der Realisierung anzuzeigen<\/p><\/div><\/div><\/div>[vc_separator type=&#8220;transparent&#8220; up=&#8220;19&#8243; down=&#8220;26&#8243;][\/vc_column_inner][\/vc_row_inner][vc_row_inner row_type=&#8220;row&#8220; type=&#8220;full_width&#8220; text_align=&#8220;left&#8220; css_animation=&#8220;&#8220;][vc_column_inner width=&#8220;1\/3&#8243;]<div class='q_icon_with_title tiny normal_icon left_from_title '><div class=\"icon_text_holder\" style=\"\"><div class=\"icon_text_inner\" style=\"\"><div class=\"icon_title_holder\"><div class=\"icon_holder q_icon_animation\" style=\" transition-delay: 100ms; -webkit-transition-delay: 100ms; -moz-transition-delay: 100ms; -o-transition-delay: 100ms;\"><span data-icon-type=\"normal\"   style=\"font-size: 25px;\" class=\"qode_iwt_icon_holder q_font_awsome_icon fa-lg  \"><i class=\"qode_icon_font_awesome fa fa-paint-brush qode_iwt_icon_element\" style=\"color: #d2d2d2;\" ><\/i><\/span><\/div><h5 class=\"icon_title\" style=\"\">FARBKONZEPT<\/h5><\/div><p style=''><\/p><\/div><\/div><\/div>[vc_separator type=&#8220;transparent&#8220; up=&#8220;19&#8243; down=&#8220;24&#8243;][\/vc_column_inner][vc_column_inner width=&#8220;1\/3&#8243;]<div class='q_icon_with_title tiny normal_icon left_from_title '><div class=\"icon_text_holder\" style=\"\"><div class=\"icon_text_inner\" style=\"\"><div class=\"icon_title_holder\"><div class=\"icon_holder q_icon_animation\" style=\" transition-delay: 100ms; -webkit-transition-delay: 100ms; -moz-transition-delay: 100ms; -o-transition-delay: 100ms;\"><span data-icon-type=\"normal\"   style=\"font-size: 25px;\" class=\"qode_iwt_icon_holder q_font_awsome_icon fa-lg  \"><i class=\"qode_icon_font_awesome fa fa-pencil qode_iwt_icon_element\" style=\"color: #d2d2d2;\" ><\/i><\/span><\/div><h5 class=\"icon_title\" style=\"\">MATERIAL MOODBOARD-KONZEPT<\/h5><\/div><p style=''><\/p><\/div><\/div><\/div>[vc_separator type=&#8220;transparent&#8220; up=&#8220;19&#8243; down=&#8220;24&#8243;][\/vc_column_inner][vc_column_inner width=&#8220;1\/3&#8243;]<div class='q_icon_with_title tiny normal_icon left_from_title '><div class=\"icon_text_holder\" style=\"\"><div class=\"icon_text_inner\" style=\"\"><div class=\"icon_title_holder\"><div class=\"icon_holder q_icon_animation\" style=\" transition-delay: 100ms; -webkit-transition-delay: 100ms; -moz-transition-delay: 100ms; -o-transition-delay: 100ms;\"><span data-icon-type=\"normal\"   style=\"font-size: 25px;\" class=\"qode_iwt_icon_holder q_font_awsome_icon fa-lg  \"><i class=\"qode_icon_font_awesome fa fa-check-circle qode_iwt_icon_element\" style=\"color: #d2d2d2;\" ><\/i><\/span><\/div><h5 class=\"icon_title\" style=\"\">VOLLE KONTROLLE<\/h5><\/div><p style=''><\/p><\/div><\/div><\/div>[vc_separator type=&#8220;transparent&#8220; up=&#8220;19&#8243; down=&#8220;26&#8243;][\/vc_column_inner][\/vc_row_inner][\/vc_column][\/vc_row][vc_row row_type=&#8220;parallax&#8220; parallax_content_width=&#8220;in_grid&#8220; text_align=&#8220;left&#8220; full_screen_section_height=&#8220;no&#8220; anchor=&#8220;portfolio&#8220; background_image=&#8220;16515&#8243; section_height=&#8220;430&#8243;][vc_column][vc_separator type=&#8220;transparent&#8220; up=&#8220;143&#8243; down=&#8220;0&#8243;][vc_row_inner row_type=&#8220;row&#8220; type=&#8220;full_width&#8220; text_align=&#8220;left&#8220; css_animation=&#8220;&#8220;][vc_column_inner width=&#8220;1\/4&#8243;][\/vc_column_inner][vc_column_inner width=&#8220;1\/4&#8243;][\/vc_column_inner][vc_column_inner width=&#8220;1\/4&#8243;][\/vc_column_inner][vc_column_inner width=&#8220;1\/4&#8243;][\/vc_column_inner][\/vc_row_inner][\/vc_column][\/vc_row][vc_row css_animation=&#8220;&#8220; row_type=&#8220;row&#8220; use_row_as_full_screen_section=&#8220;no&#8220; type=&#8220;grid&#8220; angled_section=&#8220;no&#8220; text_align=&#8220;left&#8220; background_image_as_pattern=&#8220;without_pattern&#8220; z_index=&#8220;&#8220;][vc_column]<div class=\"qode-accordion-holder clearfix qode-toggle qode-initial \">\n\t<h4 class=\"clearfix qode-title-holder\">\n<span class=\"qode-tab-title\">\n\t    <span class=\"qode-tab-title-inner\">\n        Unsere Leistungen im \u00dcberblick    <\/span>\n<\/span>\n<span class=\"qode-accordion-mark\">\n    <span class=\"qode-accordion-mark-icon\">\n        <span class=\"icon_plus\"><\/span>\n        <span class=\"icon_minus-06\"><\/span>\n    <\/span>\n<\/span>\n<\/h4>\n<div  class=\"qode-accordion-content \" >\n    <div class=\"qode-accordion-content-inner\">\n        [vc_column_text]<\/p>\n<ul>\n<li>Innenarchitektur<\/li>\n<li>Inneneinrichtung<\/li>\n<li>Innendesign<\/li>\n<li>Interior Design<\/li>\n<\/ul>\n<p>&nbsp;<\/p>\n<p>Ihre Innendesignerin Jacinta Lawani[\/vc_column_text]    <\/div>\n<\/div><h4 class=\"clearfix qode-title-holder\">\n<span class=\"qode-tab-title\">\n\t    <span class=\"qode-tab-title-inner\">\n        Wir sind f\u00fcr Sie in Berlin und Potsdam    <\/span>\n<\/span>\n<span class=\"qode-accordion-mark\">\n    <span class=\"qode-accordion-mark-icon\">\n        <span class=\"icon_plus\"><\/span>\n        <span class=\"icon_minus-06\"><\/span>\n    <\/span>\n<\/span>\n<\/h4>\n<div  class=\"qode-accordion-content \" >\n    <div class=\"qode-accordion-content-inner\">\n        [vc_column_text]<\/p>\n<ul>\n<li class=\"gmail_default\">Berlin<\/li>\n<li>Brandenburg<\/li>\n<li class=\"gmail_default\">Charlottenburg<\/li>\n<li class=\"gmail_default\">Wilmersdorf<\/li>\n<li class=\"gmail_default\">Friedenau<\/li>\n<li class=\"gmail_default\">Sch\u00f6neberg-Tempelhof<\/li>\n<li class=\"gmail_default\">Dahlem<\/li>\n<li class=\"gmail_default\">Steglitz<\/li>\n<li class=\"gmail_default\">Kleinmachnow<\/li>\n<li class=\"gmail_default\">Potsdam<\/li>\n<li class=\"gmail_default\">Moabit<\/li>\n<\/ul>\n<p>[\/vc_column_text]    <\/div>\n<\/div><\/div>[vc_empty_space][\/vc_column][\/vc_row]<\/p>\n","protected":false},"excerpt":{"rendered":"<p>[vc_row css_animation=&#8220;&#8220; row_type=&#8220;row&#8220; use_row_as_full_screen_section=&#8220;no&#8220; type=&#8220;grid&#8220; angled_section=&#8220;no&#8220; text_align=&#8220;left&#8220; background_image_as_pattern=&#8220;without_pattern&#8220; padding_top=&#8220;58&#8243; padding_bottom=&#8220;0&#8243; anchor=&#8220;portfolio&#8220; background_color=&#8220;#ffffff&#8220;][vc_column][vc_column_text] JL | INNENAUSSTATTUNG | INNENARCHITEKTUR aus Berlin und Brandenburg [\/vc_column_text][vc_separator type=&#8220;transparent&#8220; down=&#8220;10&#8243; up=&#8220;0&#8243;][vc_column_text] Atemberaubendes Design &amp; Funktionalit\u00e4t [\/vc_column_text][vc_separator type=&#8220;transparent&#8220; up=&#8220;45&#8243; down=&#8220;22&#8243;][vc_row_inner row_type=&#8220;row&#8220; type=&#8220;full_width&#8220; text_align=&#8220;left&#8220; css_animation=&#8220;&#8220;][vc_column_inner width=&#8220;1\/3&#8243;][vc_single_image image=&#8220;16983&#8243; img_size=&#8220;full&#8220; qode_css_animation=&#8220;element_from_fade&#8220; transition_delay=&#8220;0.3&#8243;][vc_separator type=&#8220;transparent&#8220; up=&#8220;25&#8243; down=&#8220;8&#8243;][vc_column_text]&#8230;<\/p>\n","protected":false},"author":2,"featured_media":0,"parent":0,"menu_order":0,"comment_status":"open","ping_status":"open","template":"full_width.php","meta":{"footnotes":""},"yoast_head":"<!-- This site is optimized with the Yoast SEO Premium plugin v15.0 - https:\/\/yoast.com\/wordpress\/plugins\/seo\/ -->\n<title>Innendesign Berlin Brandenburg- JL | Interior Design | Innenarchitektur<\/title>\n<meta name=\"description\" content=\"Home | JL | INTERIOR DESIGN \u2705 INNENARCHITEKTUR f\u00fcr Berlin und Brandenburg \u260e +49 176 8500 4547 | Dipl. Innenarchitektin Jacinta Lawani\" \/>\n<meta name=\"robots\" content=\"index, follow, max-snippet:-1, max-image-preview:large, max-video-preview:-1\" \/>\n<link rel=\"canonical\" href=\"https:\/\/jacintalawani.com\/de\/\" \/>\n<meta property=\"og:locale\" content=\"de_DE\" \/>\n<meta property=\"og:type\" content=\"article\" \/>\n<meta property=\"og:title\" content=\"Innendesign Berlin Brandenburg- JL | Interior Design | Innenarchitektur\" \/>\n<meta property=\"og:description\" content=\"Home | JL | INTERIOR DESIGN \u2705 INNENARCHITEKTUR f\u00fcr Berlin und Brandenburg \u260e +49 176 8500 4547 | Dipl. Innenarchitektin Jacinta Lawani\" \/>\n<meta property=\"og:url\" content=\"https:\/\/jacintalawani.com\/de\/\" \/>\n<meta property=\"og:site_name\" content=\"Innenarchitektur Berlin\" \/>\n<meta property=\"article:modified_time\" content=\"2022-05-25T08:31:24+00:00\" \/>\n<meta name=\"twitter:card\" content=\"summary_large_image\" \/>\n<script type=\"application\/ld+json\" class=\"yoast-schema-graph\">{\"@context\":\"https:\/\/schema.org\",\"@graph\":[{\"@type\":\"WebSite\",\"@id\":\"https:\/\/jacintalawani.com\/de\/#website\",\"url\":\"https:\/\/jacintalawani.com\/de\/\",\"name\":\"Innenarchitektur Berlin\",\"description\":\"\",\"potentialAction\":[{\"@type\":\"SearchAction\",\"target\":\"https:\/\/jacintalawani.com\/de\/?s={search_term_string}\",\"query-input\":\"required name=search_term_string\"}],\"inLanguage\":\"de-DE\"},{\"@type\":\"WebPage\",\"@id\":\"https:\/\/jacintalawani.com\/de\/#webpage\",\"url\":\"https:\/\/jacintalawani.com\/de\/\",\"name\":\"Innendesign Berlin Brandenburg- JL | Interior Design | Innenarchitektur\",\"isPartOf\":{\"@id\":\"https:\/\/jacintalawani.com\/de\/#website\"},\"datePublished\":\"2020-09-17T11:12:11+00:00\",\"dateModified\":\"2022-05-25T08:31:24+00:00\",\"description\":\"Home | JL | INTERIOR DESIGN \\u2705 INNENARCHITEKTUR f\\u00fcr Berlin und Brandenburg \\u260e +49 176 8500 4547 | Dipl. Innenarchitektin Jacinta Lawani\",\"inLanguage\":\"de-DE\",\"potentialAction\":[{\"@type\":\"ReadAction\",\"target\":[\"https:\/\/jacintalawani.com\/de\/\"]}]}]}<\/script>\n<!-- \/ Yoast SEO Premium plugin. -->","_links":{"self":[{"href":"https:\/\/jacintalawani.com\/de\/wp-json\/wp\/v2\/pages\/17066"}],"collection":[{"href":"https:\/\/jacintalawani.com\/de\/wp-json\/wp\/v2\/pages"}],"about":[{"href":"https:\/\/jacintalawani.com\/de\/wp-json\/wp\/v2\/types\/page"}],"author":[{"embeddable":true,"href":"https:\/\/jacintalawani.com\/de\/wp-json\/wp\/v2\/users\/2"}],"replies":[{"embeddable":true,"href":"https:\/\/jacintalawani.com\/de\/wp-json\/wp\/v2\/comments?post=17066"}],"version-history":[{"count":3,"href":"https:\/\/jacintalawani.com\/de\/wp-json\/wp\/v2\/pages\/17066\/revisions"}],"predecessor-version":[{"id":17455,"href":"https:\/\/jacintalawani.com\/de\/wp-json\/wp\/v2\/pages\/17066\/revisions\/17455"}],"wp:attachment":[{"href":"https:\/\/jacintalawani.com\/de\/wp-json\/wp\/v2\/media?parent=17066"}],"curies":[{"name":"wp","href":"https:\/\/api.w.org\/{rel}","templated":true}]}}